{"id":2574,"date":"2025-12-08T13:36:01","date_gmt":"2025-12-08T13:36:01","guid":{"rendered":"https:\/\/dev.discontinental.com\/?page_id=2574"},"modified":"2025-12-08T17:15:27","modified_gmt":"2025-12-08T17:15:27","slug":"politica-de-privacidad-de-farmacovigilancia-y-tecnovigilancia","status":"publish","type":"page","link":"https:\/\/dev.discontinental.com\/en\/politica-de-privacidad-de-farmacovigilancia-y-tecnovigilancia\/","title":{"rendered":"Pol\u00edtica de privacidad de farmacovigilancia y tecnovigilancia"},"content":{"rendered":"<div class=\"wpb-content-wrapper\"><p>[vc_row][vc_column][vc_empty_space height=&#8221;30px&#8221;][vc_column_text]<b>Distribuidora Continental 6 S.A.<\/b><span style=\"font-weight: 400;\"> (en adelante, \u201c<\/span><b>la Empresa<\/b><span style=\"font-weight: 400;\">\u201d), en cumplimiento de la Ley N.\u00b0 29733 \u2013 Ley de Protecci\u00f3n de Datos Personales, su Reglamento y la normativa vigente en materia de farmacovigilancia y tecnovigilancia, pone a su disposici\u00f3n la siguiente informaci\u00f3n:<\/span><\/p>\n<ol>\n<li><b> Finalidad del tratamiento<\/b><\/li>\n<\/ol>\n<p><span style=\"font-weight: 400;\">La informaci\u00f3n personal que usted proporcione en el presente formulario ser\u00e1 utilizada exclusivamente para cumplir con nuestras obligaciones legales de farmacovigilancia y tecnovigilancia, conforme a lo dispuesto por:<\/span><\/p>\n<ul>\n<li style=\"font-weight: 400;\" aria-level=\"1\"><span style=\"font-weight: 400;\">El Decreto Supremo N.\u00b0 016-2011-SA<\/span><\/li>\n<li style=\"font-weight: 400;\" aria-level=\"1\"><span style=\"font-weight: 400;\">El Decreto Supremo N.\u00b0 029-2015-SA<\/span><\/li>\n<li style=\"font-weight: 400;\" aria-level=\"1\"><span style=\"font-weight: 400;\">El Reglamento de Organizaci\u00f3n y Funciones del Ministerio de Salud (Decreto Supremo N.\u00b0 007-2016-SA)<\/span><\/li>\n<\/ul>\n<p><span style=\"font-weight: 400;\">La informaci\u00f3n ser\u00e1 electr\u00f3nicamente convertida al formato oficial aprobado por dichas normas y enviada a <\/span><b>DIGEMID<\/b><span style=\"font-weight: 400;\"> dentro de los plazos establecidos.<\/span><\/p>\n<ol start=\"2\">\n<li><b> Tratamiento de datos personales<\/b><\/li>\n<\/ol>\n<p><span style=\"font-weight: 400;\">Los datos personales brindados ser\u00e1n tratados por la Empresa (directamente o mediante terceros autorizados) y, de ser necesario, por el titular del registro sanitario del producto involucrado, con la \u00fanica finalidad de analizar, gestionar y reportar eventos o incidentes relacionados con medicamentos o dispositivos m\u00e9dicos.<\/span><\/p>\n<p><span style=\"font-weight: 400;\">Solo se recopilar\u00e1n datos personales adecuados, pertinentes y estrictamente necesarios para cumplir con las obligaciones establecidas por el Ministerio de Salud.<\/span><\/p>\n<ol start=\"3\">\n<li><b> Consentimiento<\/b><\/li>\n<\/ol>\n<p><span style=\"font-weight: 400;\">El registro de su informaci\u00f3n en este formulario constituye su <\/span><b>consentimiento libre, previo, informado, expreso e inequ\u00edvoco<\/b><span style=\"font-weight: 400;\"> para que la Empresa trate sus datos personales en el marco de la normativa se\u00f1alada.<\/span><\/p>\n<ol start=\"4\">\n<li><b> Derechos del titular de los datos<\/b><\/li>\n<\/ol>\n<p><span style=\"font-weight: 400;\">Usted puede ejercer sus derechos de acceso, rectificaci\u00f3n, cancelaci\u00f3n u oposici\u00f3n sobre sus datos personales enviando una comunicaci\u00f3n al correo:<\/span><\/p>\n<p><a href=\"mailto:farmacovigilacia@discontinental.com\"><span style=\"font-weight: 400;\">farmacovigilacia@discontinental.com<\/span><\/a><\/p>\n<p><span style=\"font-weight: 400;\">La Empresa atender\u00e1 su solicitud conforme a los plazos y procedimientos previstos por la Ley N.\u00b0 29733 y su Reglamento.<\/span>[\/vc_column_text][vc_empty_space height=&#8221;30px&#8221;][\/vc_column][\/vc_row]<\/p>\n<\/div>","protected":false},"excerpt":{"rendered":"<p>[vc_row][vc_column][vc_empty_space height=&#8221;30px&#8221;][vc_column_text]Distribuidora Continental 6 S.A. (en adelante, \u201cla Empresa\u201d), en cumplimiento de la Ley N.\u00b0 29733 \u2013 Ley de Protecci\u00f3n de Datos Personales, su Reglamento y la normativa vigente en materia de farmacovigilancia y tecnovigilancia, pone a su disposici\u00f3n la siguiente informaci\u00f3n: Finalidad del tratamiento La informaci\u00f3n personal que usted proporcione en el presente formulario [&hellip;]<\/p>\n","protected":false},"author":1,"featured_media":0,"parent":0,"menu_order":0,"comment_status":"closed","ping_status":"closed","template":"","meta":{"footnotes":""},"class_list":["post-2574","page","type-page","status-publish","hentry"],"translation":{"provider":"WPGlobus","version":"3.0.1","language":"en","enabled_languages":["es","en"],"languages":{"es":{"title":true,"content":true,"excerpt":false},"en":{"title":false,"content":false,"excerpt":false}}},"_links":{"self":[{"href":"https:\/\/dev.discontinental.com\/en\/wp-json\/wp\/v2\/pages\/2574","targetHints":{"allow":["GET"]}}],"collection":[{"href":"https:\/\/dev.discontinental.com\/en\/wp-json\/wp\/v2\/pages"}],"about":[{"href":"https:\/\/dev.discontinental.com\/en\/wp-json\/wp\/v2\/types\/page"}],"author":[{"embeddable":true,"href":"https:\/\/dev.discontinental.com\/en\/wp-json\/wp\/v2\/users\/1"}],"replies":[{"embeddable":true,"href":"https:\/\/dev.discontinental.com\/en\/wp-json\/wp\/v2\/comments?post=2574"}],"version-history":[{"count":2,"href":"https:\/\/dev.discontinental.com\/en\/wp-json\/wp\/v2\/pages\/2574\/revisions"}],"predecessor-version":[{"id":2579,"href":"https:\/\/dev.discontinental.com\/en\/wp-json\/wp\/v2\/pages\/2574\/revisions\/2579"}],"wp:attachment":[{"href":"https:\/\/dev.discontinental.com\/en\/wp-json\/wp\/v2\/media?parent=2574"}],"curies":[{"name":"wp","href":"https:\/\/api.w.org\/{rel}","templated":true}]}}