{"id":2296,"date":"2018-08-20T13:55:17","date_gmt":"2018-08-20T13:55:17","guid":{"rendered":"http:\/\/dev.discontinental.com\/?page_id=2296"},"modified":"2026-01-02T15:10:59","modified_gmt":"2026-01-02T15:10:59","slug":"servicios","status":"publish","type":"page","link":"https:\/\/dev.discontinental.com\/en\/servicios\/","title":{"rendered":"Servicios"},"content":{"rendered":"<div class=\"wpb-content-wrapper\"><p>[vc_row][vc_column][vc_empty_space height=&#8221;60px&#8221;][\/vc_column][\/vc_row][vc_row][vc_column][vc_tta_tour shape=&#8221;square&#8221; color=&#8221;orange&#8221; active_section=&#8221;1&#8243; no_fill_content_area=&#8221;true&#8221;][vc_tta_section i_icon_fontawesome=&#8221;fa fa-shopping-cart&#8221; add_icon=&#8221;true&#8221; title=&#8221;Ventas&#8221; tab_id=&#8221;ventas&#8221;][vc_column_text]<\/p>\n<h5><strong>Ventas<\/strong><\/h5>\n<hr \/>\n<p>[\/vc_column_text][vc_row_inner][vc_column_inner width=&#8221;2\/3&#8243;][vc_column_text]Contamos con una importante fuerza de ventas altamente capacitada que visita a nuestros\u00a0clientes en forma permanente tanto en Lima como en provincias. Trabajamos con determinaci\u00f3n, compromiso y actitud de servicio, para poder as\u00ed atender\u00a0las necesidades de nuestros clientes correctamente.\u00a0Tomamos en cuenta permanentemente las necesidades, preferencias y preocupaciones\u00a0de nuestros clientes, lo cual nos permite mejorar constantemente.[\/vc_column_text][\/vc_column_inner][vc_column_inner width=&#8221;1\/3&#8243;][vc_single_image image=&#8221;2195&#8243; img_size=&#8221;full&#8221;][\/vc_column_inner][\/vc_row_inner][\/vc_tta_section][vc_tta_section i_icon_fontawesome=&#8221;fa fa-cubes&#8221; add_icon=&#8221;true&#8221; title=&#8221;Almacenaje&#8221; tab_id=&#8221;almacenaje&#8221;][vc_column_text]<\/p>\n<h5><strong>Almacenaje<\/strong><\/h5>\n<hr \/>\n<p>[\/vc_column_text][vc_row_inner][vc_column_inner width=&#8221;2\/3&#8243;][vc_column_text]Administraci\u00f3n integral de almacenes, control de inventarios, registro de \u00f3rdenes, preparaci\u00f3n de pedidos, etiquetado, embalaje y despacho de mercanc\u00edas. Nuestros almacenes cuentan con un sistema de aislamiento t\u00e9rmico y aire acondicionado garantizando una temperatura controlada para el mantenimiento de los productos. Contamos con un adecuado manejo de los productos controlados.[\/vc_column_text][\/vc_column_inner][vc_column_inner width=&#8221;1\/3&#8243;][vc_single_image image=&#8221;2052&#8243; img_size=&#8221;full&#8221;][\/vc_column_inner][\/vc_row_inner][\/vc_tta_section][vc_tta_section i_icon_fontawesome=&#8221;fa fa-truck&#8221; add_icon=&#8221;true&#8221; title=&#8221;Distribuci\u00f3n&#8221; tab_id=&#8221;distribucion&#8221;][vc_column_text]<\/p>\n<h5><strong>Distribuci\u00f3n<\/strong><\/h5>\n<hr \/>\n<p>[\/vc_column_text][vc_row_inner][vc_column_inner width=&#8221;2\/3&#8243;][vc_column_text]Contamos con una flota de transporte propia que permite que las entregas lleguen\u00a0adecuadamente y a tiempo a nuestros clientes, as\u00ed como tambi\u00e9n con un equipo de\u00a0especialistas en log\u00edstica, responsables de programar los pedidos para su distribuci\u00f3n\u00a0inmediata a las diferentes zonas del Per\u00fa, logrando un proceso eficiente y permitiendo\u00a0diferenciarnos en la rapidez en nuestras entregas.[\/vc_column_text][\/vc_column_inner][vc_column_inner width=&#8221;1\/3&#8243;][vc_single_image image=&#8221;2055&#8243; img_size=&#8221;full&#8221;][\/vc_column_inner][\/vc_row_inner][\/vc_tta_section][vc_tta_section i_icon_fontawesome=&#8221;fa fa-phone&#8221; add_icon=&#8221;true&#8221; title=&#8221;Servicio Call Center&#8221; tab_id=&#8221;servicio-call-center&#8221;][vc_column_text]<\/p>\n<h5><strong>Servicio Call Center<\/strong><\/h5>\n<hr \/>\n<p>[\/vc_column_text][vc_row_inner][vc_column_inner width=&#8221;2\/3&#8243;][vc_column_text]Contamos con una central de llamadas telef\u00f3nicas para brindar informaci\u00f3n y asesor\u00eda sobre los productos que comercializamos, comunicar promociones, descuentos y campa\u00f1as a nuestros clientes y a la vez recepcionar llamadas y resolver consultas de compra.[\/vc_column_text][\/vc_column_inner][vc_column_inner width=&#8221;1\/3&#8243;][vc_single_image image=&#8221;2186&#8243; img_size=&#8221;full&#8221;][\/vc_column_inner][\/vc_row_inner][\/vc_tta_section][vc_tta_section i_icon_fontawesome=&#8221;fa fa-heartbeat&#8221; add_icon=&#8221;true&#8221; title=&#8221;Visita M\u00e9dica&#8221; tab_id=&#8221;visita-medica&#8221;][vc_column_text]<\/p>\n<h5><strong>Visita M\u00e9dica<\/strong><\/h5>\n<hr \/>\n<p>[\/vc_column_text][vc_row_inner][vc_column_inner width=&#8221;2\/3&#8243;][vc_column_text]Contamos con una red de visitadores m\u00e9dicos a nivel nacional cubriendo las especialidades m\u00e9dicas y clases terap\u00e9uticas de mayor importancia. Nuestros servicios se ajustan a las necesidades de cada l\u00ednea de productos, siendo capaces de proveer asesor\u00eda con equipos exclusivos de visita m\u00e9dica. La garant\u00eda de nuestros servicios est\u00e1 soportada por un equipo de profesionales de amplia trayectoria en la industria farmac\u00e9utica.<\/p>\n<p>As\u00ed mismo, contamos con un software de control de visita m\u00e9dica, auditor\u00edas de mercado y prescripciones, manejado por nuestro equipo de Analistas de marketing. Contamos con un grupo de promotoras a farmacias que defienden la prescripci\u00f3n m\u00e9dica y promueven los productos en el punto de venta, cerrando el c\u00edrculo para un eficiente desarrollo de las l\u00edneas farmac\u00e9uticas que representamos en el mercado peruano.[\/vc_column_text][\/vc_column_inner][vc_column_inner width=&#8221;1\/3&#8243;][vc_single_image image=&#8221;2179&#8243; img_size=&#8221;full&#8221;][\/vc_column_inner][\/vc_row_inner][\/vc_tta_section][vc_tta_section i_icon_fontawesome=&#8221;fa fa-plane&#8221; add_icon=&#8221;true&#8221; title=&#8221;Importaci\u00f3n&#8221; tab_id=&#8221;importacion&#8221;][vc_column_text]<\/p>\n<h5><strong>Importaci\u00f3n<\/strong><\/h5>\n<hr \/>\n<p>[\/vc_column_text][vc_row_inner][vc_column_inner width=&#8221;2\/3&#8243;][vc_column_text]Contamos con un departamento especializado en Importaciones de cualquier lugar del\u00a0mundo, donde ofrecemos un servicio integral de comercio exterior. Monitoreamos las importaciones desde la salida del puerto de embarque hasta la llegada a\u00a0nuestros almacenes; con control total del proceso de importaci\u00f3n, almacenaje,\u00a0desaduanaje, tr\u00e1mite documentario y traslado de mercader\u00eda hasta nuestros almacenes.[\/vc_column_text][\/vc_column_inner][vc_column_inner width=&#8221;1\/3&#8243;][vc_single_image image=&#8221;2056&#8243; img_size=&#8221;full&#8221;][\/vc_column_inner][\/vc_row_inner][\/vc_tta_section][vc_tta_section i_icon_fontawesome=&#8221;fa fa-folder-open&#8221; add_icon=&#8221;true&#8221; title=&#8221;Registro&#8221; tab_id=&#8221;registro&#8221;][vc_column_text]<\/p>\n<h5><strong>Registro<\/strong><\/h5>\n<hr \/>\n<p>[\/vc_column_text][vc_row_inner][vc_column_inner width=&#8221;2\/3&#8243;][vc_column_text]Contamos con un \u00e1rea encargada del registro de productos y marcas ante las entidades reguladoras peruanas:<\/p>\n<p>DIGESA \u2013 Direcci\u00f3n general de salud ambiental<\/p>\n<p>DIGEMID \u2013 Direcci\u00f3n general de medicamentos, insumos y drogas.<\/p>\n<p>INDECOPI \u2013 Instituto Nacional de Defensa de la Competencia y de la Protecci\u00f3n de la Propiedad Intelectual[\/vc_column_text][\/vc_column_inner][vc_column_inner width=&#8221;1\/3&#8243;][vc_single_image image=&#8221;2183&#8243; img_size=&#8221;full&#8221;][\/vc_column_inner][\/vc_row_inner][\/vc_tta_section][vc_tta_section i_icon_fontawesome=&#8221;fa fa-phone&#8221; add_icon=&#8221;true&#8221; title=&#8221;Servicio Post Venta&#8221; tab_id=&#8221;servicio-post-venta&#8221;][vc_column_text]<\/p>\n<h5><strong>Servicio Post Venta<\/strong><\/h5>\n<hr \/>\n<p>[\/vc_column_text][vc_row_inner][vc_column_inner width=&#8221;2\/3&#8243;][vc_column_text]Comprobamos la satisfacci\u00f3n de nuestros clientes manteni\u00e9ndonos en contacto con ellos\u00a0despu\u00e9s de recibida la mercader\u00eda, levantando sus impresiones sobre el servicio prestado\u00a0para una permanente mejor\u00eda y ayud\u00e1ndolos en sus dudas y consultas.[\/vc_column_text][\/vc_column_inner][vc_column_inner width=&#8221;1\/3&#8243;][vc_single_image image=&#8221;2190&#8243; img_size=&#8221;full&#8221;][\/vc_column_inner][\/vc_row_inner][\/vc_tta_section][vc_tta_section i_icon_fontawesome=&#8221;fa fa-file-text-o&#8221; add_icon=&#8221;true&#8221; title=&#8221;Farmacovigilancia y Tecnovigilancia&#8221; tab_id=&#8221;farmacovigilancia-y-tecnovigilancia&#8221;][vc_column_text]<\/p>\n<h5><strong>Farmacovigilancia y Tecnovigilancia<\/strong><\/h5>\n<hr \/>\n<p>[\/vc_column_text][vc_column_text]<strong>La seguridad del paciente es nuestra prioridad.<\/strong><\/p>\n<p>Nuestro sistema permite reportar sospechas de reacciones adversas a productos farmac\u00e9uticos y\/o incidentes adversos relacionados con el uso de dispositivos m\u00e9dicos.<\/p>\n<p><strong>Informaci\u00f3n general<\/strong><\/p>\n<p><strong>\u00bfQu\u00e9 es Farmacovigilancia?<\/strong><\/p>\n<p>Es el conjunto de actividades para detectar, evaluar, comprender y prevenir efectos adversos de los medicamentos o cualquier otro problema relacionado con ellos.<\/p>\n<p><strong>\u00bfQu\u00e9 es una sospecha de reacci\u00f3n adversa?<\/strong><\/p>\n<p>Cualquier manifestaci\u00f3n cl\u00ednica no deseada que d\u00e9 indicio o apariencia de tener una relaci\u00f3n causal con uno o m\u00e1s productos farmac\u00e9uticos.<\/p>\n<p><strong>\u00bfQu\u00e9 es Tecnovigilancia?<\/strong><\/p>\n<p>Conjunto de actividades encaminadas a la detecci\u00f3n, investigaci\u00f3n, difusi\u00f3n oportuna de informaci\u00f3n y prevenci\u00f3n sobre incidentes adversos con dispositivos m\u00e9dicos durante su uso que puedan generar alg\u00fan da\u00f1o al usuario, operario o medio ambiente que lo rodea.<\/p>\n<p><strong>\u00bfQu\u00e9 es un incidente adverso?<\/strong><\/p>\n<p>Es cualquier suceso que puede presentarse antes, durante o despu\u00e9s del uso de un dispositivo m\u00e9dico.<\/p>\n<p><strong>\u00bfQui\u00e9nes pueden reportar?<\/strong><\/p>\n<ul>\n<li>Profesionales de la salud.<\/li>\n<li>Pacientes y cuidadores.<\/li>\n<li>Farmacias, cl\u00ednicas, hospitales.<\/li>\n<li>P\u00fablico en general.<\/li>\n<\/ul>\n<p><strong>\u00bfEn qu\u00e9 casos reportar?<\/strong><\/p>\n<ul>\n<li>Sospechas de reacciones adversas (RAM).<\/li>\n<li>Eventos adversos (EA) no esperados o graves.<\/li>\n<li>Problemas de calidad del producto (envase, apariencia, olor, lote, etc.).<\/li>\n<li>Fallas o incidentes con dispositivos m\u00e9dicos (TV).<\/li>\n<li>Errores de medicaci\u00f3n.<\/li>\n<\/ul>\n<p><strong>Confidencialidad y protecci\u00f3n de datos<\/strong><\/p>\n<p>La informaci\u00f3n proporcionada ser\u00e1 tratada de manera estrictamente confidencial y utilizada \u00fanicamente para fines de farmacovigilancia y tecnovigilancia, conforme a la\u00a0<strong>RM N.\u00b0 1053-2020-DIGEMID\/MINSA \u2013 Manual de Buenas Pr\u00e1cticas de Farmacovigilancia<\/strong>\u00a0y la\u00a0<strong>Ley N.\u00b0 29733 \u2013 Ley de Protecci\u00f3n de Datos Personales<\/strong>.<br \/>\nLos datos solo ser\u00e1n accesibles al personal autorizado y no se compartir\u00e1n con terceros, salvo obligaci\u00f3n legal o requerimiento de la autoridad sanitaria.<br \/>\nPuede realizar el reporte con su nombre completo o solo con sus siglas.<\/p>\n<p><strong>&#x260e;&#xfe0f;<\/strong><strong> Canales de contacto<\/strong><\/p>\n<ul>\n<li>Correo de farmacovigilancia:\u00a0<a href=\"mailto:farmacovigilancia@discontinental.com\">farmacovigilancia@discontinental.com<\/a><br \/>\n\u2022 Tel\u00e9fono: (511) 211 7500 anexo 140<br \/>\n\u2022 WhatsApp: (+51) 993 511 183<br \/>\n\u2022 Direcci\u00f3n: Calle Luis Galvani 498, Ate, Lima \u2013 Per\u00fa<\/li>\n<\/ul>\n<p>[\/vc_column_text][vc_column_text]<\/p>\n<p style=\"text-align: center;\">Ante cualquier problema o incidencia, llene y envi\u00e9 el siguiente formulario:<\/p>\n<p>[\/vc_column_text]<div class=\" ubtn-ctn-center \"><a class=\"ubtn-link ult-adjust-bottom-margin ubtn-center ubtn-small \" href=\"https:\/\/dev.discontinental.com\/formulario-de-farmacovigilancia-y-tecnovigilancia\/\"><button type=\"button\" id=\"ubtn-3075\" class=\"ubtn ult-adjust-bottom-margin ult-responsive ubtn-small ubtn-no-hover-bg  none  ubtn-center   tooltip-69e3a2c99460c\"  data-hover=\"\" data-border-color=\"\" data-bg=\"#ff8800\" data-hover-bg=\"\" data-border-hover=\"\" data-shadow-hover=\"\" data-shadow-click=\"none\" data-shadow=\"\" data-shd-shadow=\"\"  data-ultimate-target='#ubtn-3075'  data-responsive-json-new='{\"font-size\":\"\",\"line-height\":\"\"}'  style=\"font-weight:normal;border:none;background: #ff8800;color: #ffffff;\"><span class=\"ubtn-hover\" style=\"background-color:\"><\/span><span class=\"ubtn-data ubtn-text \" >Formulario<\/span><\/button><\/a><\/div>[\/vc_tta_section][\/vc_tta_tour][vc_empty_space height=&#8221;60px&#8221;][\/vc_column][\/vc_row]<\/p>\n<\/div>","protected":false},"excerpt":{"rendered":"<p>[vc_row][vc_column][vc_empty_space height=&#8221;60px&#8221;][\/vc_column][\/vc_row][vc_row][vc_column][vc_tta_tour shape=&#8221;square&#8221; color=&#8221;orange&#8221; active_section=&#8221;1&#8243; no_fill_content_area=&#8221;true&#8221;][vc_tta_section i_icon_fontawesome=&#8221;fa fa-shopping-cart&#8221; add_icon=&#8221;true&#8221; title=&#8221;Ventas&#8221; tab_id=&#8221;ventas&#8221;][vc_column_text] Ventas [\/vc_column_text][vc_row_inner][vc_column_inner width=&#8221;2\/3&#8243;][vc_column_text]Contamos con una importante fuerza de ventas altamente capacitada que visita a nuestros\u00a0clientes en forma permanente tanto en Lima como en provincias. Trabajamos con determinaci\u00f3n, compromiso y actitud de servicio, para poder as\u00ed atender\u00a0las necesidades de nuestros clientes correctamente.\u00a0Tomamos en cuenta permanentemente [&hellip;]<\/p>\n","protected":false},"author":1,"featured_media":0,"parent":0,"menu_order":0,"comment_status":"closed","ping_status":"closed","template":"","meta":{"footnotes":""},"class_list":["post-2296","page","type-page","status-publish","hentry"],"translation":{"provider":"WPGlobus","version":"3.0.1","language":"en","enabled_languages":["es","en"],"languages":{"es":{"title":true,"content":true,"excerpt":false},"en":{"title":false,"content":false,"excerpt":false}}},"_links":{"self":[{"href":"https:\/\/dev.discontinental.com\/en\/wp-json\/wp\/v2\/pages\/2296","targetHints":{"allow":["GET"]}}],"collection":[{"href":"https:\/\/dev.discontinental.com\/en\/wp-json\/wp\/v2\/pages"}],"about":[{"href":"https:\/\/dev.discontinental.com\/en\/wp-json\/wp\/v2\/types\/page"}],"author":[{"embeddable":true,"href":"https:\/\/dev.discontinental.com\/en\/wp-json\/wp\/v2\/users\/1"}],"replies":[{"embeddable":true,"href":"https:\/\/dev.discontinental.com\/en\/wp-json\/wp\/v2\/comments?post=2296"}],"version-history":[{"count":129,"href":"https:\/\/dev.discontinental.com\/en\/wp-json\/wp\/v2\/pages\/2296\/revisions"}],"predecessor-version":[{"id":2637,"href":"https:\/\/dev.discontinental.com\/en\/wp-json\/wp\/v2\/pages\/2296\/revisions\/2637"}],"wp:attachment":[{"href":"https:\/\/dev.discontinental.com\/en\/wp-json\/wp\/v2\/media?parent=2296"}],"curies":[{"name":"wp","href":"https:\/\/api.w.org\/{rel}","templated":true}]}}